{"id":71,"date":"2024-07-16T12:21:59","date_gmt":"2024-07-16T10:21:59","guid":{"rendered":"http:\/\/www.ciw.usd.cas.cz\/?page_id=71"},"modified":"2024-07-16T12:21:59","modified_gmt":"2024-07-16T10:21:59","slug":"vystupy","status":"publish","type":"page","link":"https:\/\/www.ciw.usd.cas.cz\/cs\/vystupy\/","title":{"rendered":"V\u00fdstupy"},"content":{"rendered":"<ul class=\"lcp_catlist\" id=\"lcp_instance_0\"><li><a href=\"https:\/\/www.ciw.usd.cas.cz\/cs\/kombinovana-vystava\/\">Kombinovan\u00e1 v\u00fdstava<\/a><\/li><li><a href=\"https:\/\/www.ciw.usd.cas.cz\/cs\/rozhovor-v-odborne-popularizacnim-casopise\/\">Rozhovor v odborn\u011b-populariza\u010dn\u00edm \u010dasopise<\/a><\/li><li><a href=\"https:\/\/www.ciw.usd.cas.cz\/cs\/odborne-popularizacni-clanek\/\">Odborn\u011b-populariza\u010dn\u00ed \u010dl\u00e1nek<\/a><\/li><li><a href=\"https:\/\/www.ciw.usd.cas.cz\/cs\/jarni-workshop-v-trondheimu\/\">Jarn\u00ed workshop v Trondheimu<\/a><\/li><li><a href=\"https:\/\/www.ciw.usd.cas.cz\/cs\/workshop-v-praze\/\">Workshop v Praze<\/a><\/li><li><a href=\"https:\/\/www.ciw.usd.cas.cz\/cs\/workshop-v-trondheimu\/\">Workshop v Trondheimu<\/a><\/li><\/ul>\n","protected":false},"excerpt":{"rendered":"","protected":false},"author":1,"featured_media":0,"parent":0,"menu_order":0,"comment_status":"closed","ping_status":"closed","template":"","meta":{"footnotes":""},"class_list":["post-71","page","type-page","status-publish","hentry"],"_links":{"self":[{"href":"https:\/\/www.ciw.usd.cas.cz\/cs\/wp-json\/wp\/v2\/pages\/71","targetHints":{"allow":["GET"]}}],"collection":[{"href":"https:\/\/www.ciw.usd.cas.cz\/cs\/wp-json\/wp\/v2\/pages"}],"about":[{"href":"https:\/\/www.ciw.usd.cas.cz\/cs\/wp-json\/wp\/v2\/types\/page"}],"author":[{"embeddable":true,"href":"https:\/\/www.ciw.usd.cas.cz\/cs\/wp-json\/wp\/v2\/users\/1"}],"replies":[{"embeddable":true,"href":"https:\/\/www.ciw.usd.cas.cz\/cs\/wp-json\/wp\/v2\/comments?post=71"}],"version-history":[{"count":1,"href":"https:\/\/www.ciw.usd.cas.cz\/cs\/wp-json\/wp\/v2\/pages\/71\/revisions"}],"predecessor-version":[{"id":72,"href":"https:\/\/www.ciw.usd.cas.cz\/cs\/wp-json\/wp\/v2\/pages\/71\/revisions\/72"}],"wp:attachment":[{"href":"https:\/\/www.ciw.usd.cas.cz\/cs\/wp-json\/wp\/v2\/media?parent=71"}],"curies":[{"name":"wp","href":"https:\/\/api.w.org\/{rel}","templated":true}]}}