{"id":57,"date":"2024-07-16T11:26:17","date_gmt":"2024-07-16T09:26:17","guid":{"rendered":"http:\/\/www.ciw.usd.cas.cz\/?page_id=57"},"modified":"2024-11-05T13:31:56","modified_gmt":"2024-11-05T12:31:56","slug":"team","status":"publish","type":"page","link":"https:\/\/www.ciw.usd.cas.cz\/cs\/team\/","title":{"rendered":"\u0158e\u0161itelsk\u00fd t\u00fdm"},"content":{"rendered":"<ul>\n<li style=\"list-style-type: none;\">\n<ul>\n<li><a href=\"https:\/\/www.usd.cas.cz\/vyzkumni-pracovnici\/marsalek-zdenko\/\" target=\"_blank\" rel=\"noopener\">Zdenko Mar\u0161\u00e1lek<\/a><\/li>\n<li><a href=\"https:\/\/www.ntnu.edu\/employees\/hans.otto.froland\" target=\"_blank\" rel=\"noopener\">Prof. Hans Otto Fr\u00f8land<\/a><\/li>\n<li><a href=\"http:\/\/: https:\/\/www.ntnu.no\/ansatte\/gunnar.hatlehol\" target=\"_blank\" rel=\"noopener\">Gunnar D. Hatlehol<\/a><\/li>\n<li><a href=\"https:\/\/no.wikipedia.org\/wiki\/Frode_Lindgjerdet\" target=\"_blank\" rel=\"noopener\">Frode Lindgjerdet<\/a><\/li>\n<li>Iveta Coufalov\u00e1<\/li>\n<li>Ji\u0159\u00ed Nemin\u00e1\u0159<\/li>\n<\/ul>\n<\/li>\n<\/ul>\n","protected":false},"excerpt":{"rendered":"<p>Zdenko Mar\u0161\u00e1lek Prof. Hans Otto Fr\u00f8land Gunnar D. Hatlehol Frode Lindgjerdet Iveta Coufalov\u00e1 Ji\u0159\u00ed Nemin\u00e1\u0159<\/p>\n","protected":false},"author":1,"featured_media":0,"parent":0,"menu_order":0,"comment_status":"closed","ping_status":"closed","template":"","meta":{"footnotes":""},"class_list":["post-57","page","type-page","status-publish","hentry"],"_links":{"self":[{"href":"https:\/\/www.ciw.usd.cas.cz\/cs\/wp-json\/wp\/v2\/pages\/57","targetHints":{"allow":["GET"]}}],"collection":[{"href":"https:\/\/www.ciw.usd.cas.cz\/cs\/wp-json\/wp\/v2\/pages"}],"about":[{"href":"https:\/\/www.ciw.usd.cas.cz\/cs\/wp-json\/wp\/v2\/types\/page"}],"author":[{"embeddable":true,"href":"https:\/\/www.ciw.usd.cas.cz\/cs\/wp-json\/wp\/v2\/users\/1"}],"replies":[{"embeddable":true,"href":"https:\/\/www.ciw.usd.cas.cz\/cs\/wp-json\/wp\/v2\/comments?post=57"}],"version-history":[{"count":3,"href":"https:\/\/www.ciw.usd.cas.cz\/cs\/wp-json\/wp\/v2\/pages\/57\/revisions"}],"predecessor-version":[{"id":778,"href":"https:\/\/www.ciw.usd.cas.cz\/cs\/wp-json\/wp\/v2\/pages\/57\/revisions\/778"}],"wp:attachment":[{"href":"https:\/\/www.ciw.usd.cas.cz\/cs\/wp-json\/wp\/v2\/media?parent=57"}],"curies":[{"name":"wp","href":"https:\/\/api.w.org\/{rel}","templated":true}]}}