{"id":42,"date":"2024-07-15T15:09:09","date_gmt":"2024-07-15T13:09:09","guid":{"rendered":"http:\/\/www.ciw.usd.cas.cz\/?page_id=42"},"modified":"2024-07-15T15:14:41","modified_gmt":"2024-07-15T13:14:41","slug":"aktuality","status":"publish","type":"page","link":"https:\/\/www.ciw.usd.cas.cz\/cs\/aktuality\/","title":{"rendered":"Aktuality"},"content":{"rendered":"<ul class=\"lcp_catlist\" id=\"lcp_instance_0\"><li><a href=\"https:\/\/www.ciw.usd.cas.cz\/cs\/oficialni-zavrseni-projektu\/\">Ofici\u00e1ln\u00ed zavr\u0161en\u00ed projektu<\/a><\/li><li><a href=\"https:\/\/www.ciw.usd.cas.cz\/cs\/zaverecne-kroky-v-priprave-vystavy\/\">Z\u00e1v\u011bre\u010dn\u00e9 kroky v p\u0159\u00edprav\u011b v\u00fdstavy<\/a><\/li><li><a href=\"https:\/\/www.ciw.usd.cas.cz\/cs\/rozhovor-s-clenem-tymu-v-casopise-dejiny-a-soucasnost\/\">Rozhovor s \u010dlenem t\u00fdmu v \u010dasopise D\u011bjiny a sou\u010dasnost<\/a><\/li><li><a href=\"https:\/\/www.ciw.usd.cas.cz\/cs\/clanek-o-hospodarske-kolaboraci-s-okupanty-v-casopise-dejiny-a-soucasnost\/\">\u010cl\u00e1nek o hospod\u00e1\u0159sk\u00e9 kolaboraci s okupanty v \u010dasopise D\u011bjiny a sou\u010dasnost<\/a><\/li><li><a href=\"https:\/\/www.ciw.usd.cas.cz\/cs\/spolecny-norsko-cesky-projekt\/\">Spole\u010dn\u00fd \u010desko-norsk\u00fd projekt<\/a><\/li><\/ul>\n","protected":false},"excerpt":{"rendered":"","protected":false},"author":1,"featured_media":0,"parent":0,"menu_order":0,"comment_status":"closed","ping_status":"closed","template":"","meta":{"footnotes":""},"class_list":["post-42","page","type-page","status-publish","hentry"],"_links":{"self":[{"href":"https:\/\/www.ciw.usd.cas.cz\/cs\/wp-json\/wp\/v2\/pages\/42","targetHints":{"allow":["GET"]}}],"collection":[{"href":"https:\/\/www.ciw.usd.cas.cz\/cs\/wp-json\/wp\/v2\/pages"}],"about":[{"href":"https:\/\/www.ciw.usd.cas.cz\/cs\/wp-json\/wp\/v2\/types\/page"}],"author":[{"embeddable":true,"href":"https:\/\/www.ciw.usd.cas.cz\/cs\/wp-json\/wp\/v2\/users\/1"}],"replies":[{"embeddable":true,"href":"https:\/\/www.ciw.usd.cas.cz\/cs\/wp-json\/wp\/v2\/comments?post=42"}],"version-history":[{"count":3,"href":"https:\/\/www.ciw.usd.cas.cz\/cs\/wp-json\/wp\/v2\/pages\/42\/revisions"}],"predecessor-version":[{"id":45,"href":"https:\/\/www.ciw.usd.cas.cz\/cs\/wp-json\/wp\/v2\/pages\/42\/revisions\/45"}],"wp:attachment":[{"href":"https:\/\/www.ciw.usd.cas.cz\/cs\/wp-json\/wp\/v2\/media?parent=42"}],"curies":[{"name":"wp","href":"https:\/\/api.w.org\/{rel}","templated":true}]}}