{"id":11,"date":"2024-07-15T14:20:15","date_gmt":"2024-07-15T12:20:15","guid":{"rendered":"http:\/\/www.ciw.usd.cas.cz\/?page_id=11"},"modified":"2024-08-27T11:47:34","modified_gmt":"2024-08-27T09:47:34","slug":"projekt-sede-zony","status":"publish","type":"page","link":"https:\/\/www.ciw.usd.cas.cz\/cs\/","title":{"rendered":"Projekt \u0160ed\u00e9 z\u00f3ny"},"content":{"rendered":"<h1><strong>\u201e\u0160ed\u00e9 z\u00f3ny\u201c \u017eivota za okupace.<\/strong><\/h1>\n<h2><strong>\u010cechoslov\u00e1ci v\u00a0n\u011bmeck\u00fdch uniform\u00e1ch a norsk\u00e1 spole\u010dnost za druh\u00e9 sv\u011btov\u00e9 v\u00e1lky<\/strong><\/h2>\n<p>Fondy EHP a Norska, program pro bilater\u00e1ln\u00ed vztahy, EHP-BFNU-OVNKM-4-248-01-2023<\/p>\n<p>Narativu druh\u00e9 sv\u011btov\u00e9 v\u00e1lky ve v\u011bt\u0161in\u011b evropsk\u00fdch zem\u00ed dlouho dominovala zjednodu\u0161en\u00e1 sch\u00e9mata celon\u00e1rodn\u00edho odporu a jasn\u00e9 dichotomie odboje a kolaborace. O hlubokou odbornou a spole\u010denskou revizi tohoto hluboce zako\u0159en\u011bn\u00e9ho narativu se v\u00a0posledn\u00edch letech sna\u017e\u00ed jak \u010de\u0161t\u00ed, tak i zahrani\u010dn\u00ed historici, mimo jin\u00e9 tak\u00e9 v\u00a0Norsku. Jednou z\u00a0d\u016fle\u017eit\u00fdch oblast\u00ed je zde v\u00fdzkum vztahu spole\u010dnosti k\u00a0okupa\u010dn\u00ed moci v\u00a0pln\u00e9 \u0161k\u00e1le, zahrnuj\u00edc\u00ed vedle ochotn\u00e9 kolaborace a naopak aktivn\u00edho ozbrojen\u00e9ho odporu tak\u00e9 r\u016fznou m\u00edru nutn\u00e9ho p\u0159izp\u016fsoben\u00ed, hled\u00e1n\u00ed ka\u017edodenn\u00edho sou\u017eit\u00ed, akceptace pom\u011br\u016f nebo hospod\u00e1\u0159sk\u00e9ho profitu. Kr\u00e1tk\u00fd projekt men\u0161\u00edho rozsahu veden\u00fd ve spolupr\u00e1ci s\u00a0historiky z\u00a0odd\u011blen\u00ed modern\u00edch soci\u00e1ln\u00edch d\u011bjin univerzity v\u00a0Trondheimu (NTNU) m\u00e1 p\u0159edev\u0161\u00edm p\u0159isp\u011bt k v\u00fdm\u011bn\u011b poznatk\u016f o t\u00e9matu, kter\u00e9 je aktu\u00e1ln\u00ed i v\u00a0\u010cesk\u00e9 republice, a sice za\u010dlenit do norsk\u00e9 historiografie druh\u00e9 sv\u011btov\u00e9 v\u00e1lky \u010deskou perspektivu a prohloubit vz\u00e1jemnou spolupr\u00e1ci \u010desk\u00fdch a (nejen) norsk\u00fdch historik\u016f. Projekt poukazuje na skute\u010dnost, \u017ee v\u00a0n\u011bmeck\u00e9m vojsku v\u00a0Norsku slou\u017eily tis\u00edce voj\u00e1k\u016f, odveden\u00fdch v\u00a0okupovan\u00fdch evropsk\u00fdch zem\u00edch, v\u010detn\u011b mnoha ob\u010dan\u016f meziv\u00e1le\u010dn\u00e9ho \u010ceskoslovenska. Ot\u00e1zkou k\u00a0v\u00fdzkumu je, zda nor\u0161t\u00ed obyvatel\u00e9 dok\u00e1zali tyto rozd\u00edly rozli\u0161it a vn\u00edmat, zda navazovali kontakty a jak p\u0159\u00edpadn\u011b vych\u00e1zeli s\u00a0t\u011bmi voj\u00e1ky, kte\u0159\u00ed v\u00a0n\u011bmeck\u00e9 uniform\u011b slou\u017eili pouze z\u00a0donucen\u00ed. Projekt je v\u0161ak p\u0159edev\u0161\u00edm orientov\u00e1n do budoucnosti. C\u00edlem je definovat a zformulovat v\u00fdzkumn\u00e9 ot\u00e1zky a vytvo\u0159it t\u00fdm, kter\u00fd se bude jejich \u0159e\u0161en\u00ed d\u00e1le v\u011bnovat.<\/p>\n<p>Projekt je podpo\u0159en Fondy EHP a Norska. Garantem projektu je \u00dastav pro soudob\u00e9 d\u011bjiny Akademie v\u011bd \u010cR. Vedouc\u00edm projektu je <a href=\"https:\/\/www.usd.cas.cz\/vyzkumni-pracovnici\/marsalek-zdenko\/\" rel=\"noopener\">Zdenko Mar\u0161\u00e1lek<\/a>, norskou \u010d\u00e1st t\u00fdmu vede <a href=\"https:\/\/www.ntnu.edu\/employees\/hans.otto.froland\" rel=\"noopener\">Hans Otto Fr\u00f8land.<\/a><\/p>\n<p>&nbsp;<\/p>\n","protected":false},"excerpt":{"rendered":"<p>\u201e\u0160ed\u00e9 z\u00f3ny\u201c \u017eivota za okupace. \u010cechoslov\u00e1ci v\u00a0n\u011bmeck\u00fdch uniform\u00e1ch a norsk\u00e1 spole\u010dnost za druh\u00e9 sv\u011btov\u00e9 v\u00e1lky Fondy EHP a Norska, program pro bilater\u00e1ln\u00ed vztahy, EHP-BFNU-OVNKM-4-248-01-2023 Narativu druh\u00e9 sv\u011btov\u00e9 v\u00e1lky ve v\u011bt\u0161in\u011b evropsk\u00fdch zem\u00ed dlouho dominovala zjednodu\u0161en\u00e1 sch\u00e9mata celon\u00e1rodn\u00edho odporu a jasn\u00e9 dichotomie odboje a kolaborace. O hlubokou odbornou a spole\u010denskou revizi tohoto hluboce zako\u0159en\u011bn\u00e9ho narativu se [&hellip;]<\/p>\n","protected":false},"author":1,"featured_media":0,"parent":0,"menu_order":0,"comment_status":"closed","ping_status":"closed","template":"","meta":{"footnotes":""},"class_list":["post-11","page","type-page","status-publish","hentry"],"_links":{"self":[{"href":"https:\/\/www.ciw.usd.cas.cz\/cs\/wp-json\/wp\/v2\/pages\/11","targetHints":{"allow":["GET"]}}],"collection":[{"href":"https:\/\/www.ciw.usd.cas.cz\/cs\/wp-json\/wp\/v2\/pages"}],"about":[{"href":"https:\/\/www.ciw.usd.cas.cz\/cs\/wp-json\/wp\/v2\/types\/page"}],"author":[{"embeddable":true,"href":"https:\/\/www.ciw.usd.cas.cz\/cs\/wp-json\/wp\/v2\/users\/1"}],"replies":[{"embeddable":true,"href":"https:\/\/www.ciw.usd.cas.cz\/cs\/wp-json\/wp\/v2\/comments?post=11"}],"version-history":[{"count":10,"href":"https:\/\/www.ciw.usd.cas.cz\/cs\/wp-json\/wp\/v2\/pages\/11\/revisions"}],"predecessor-version":[{"id":117,"href":"https:\/\/www.ciw.usd.cas.cz\/cs\/wp-json\/wp\/v2\/pages\/11\/revisions\/117"}],"wp:attachment":[{"href":"https:\/\/www.ciw.usd.cas.cz\/cs\/wp-json\/wp\/v2\/media?parent=11"}],"curies":[{"name":"wp","href":"https:\/\/api.w.org\/{rel}","templated":true}]}}